{"id":6726,"date":"2021-11-15T08:30:56","date_gmt":"2021-11-15T08:30:56","guid":{"rendered":"https:\/\/spysystem.dk\/staerk-din-verksamhet\/"},"modified":"2021-11-15T10:37:58","modified_gmt":"2021-11-15T10:37:58","slug":"staerk-din-verksamhet","status":"publish","type":"page","link":"https:\/\/spysystem.dk\/sv\/staerk-din-verksamhet\/","title":{"rendered":"St\u00e4rk din verksamhet"},"content":{"rendered":"<p class=\"p1\">Hemligheten med ett bra aff\u00e4rssystem \u00e4r att det friktionsfritt passar in i den dagliga verksamheten och de dagliga rutinerna. Att det blir en naturlig del av vardagen och g\u00f6r livet enklare f\u00f6r alla.<\/p>\n<p class=\"p1\">Det kan vi lova att SPY g\u00f6r. Utan att n\u00e5gon beh\u00f6ver l\u00e4gga ner en massa tid p\u00e5 att ta reda p\u00e5 hur det ska g\u00e5 till. SPY har utformats fr\u00e5n grunden f\u00f6r att passa just de rutiner och aff\u00e4rsprocesser som de flesta textil- och modef\u00f6retag har.<\/p>\n","protected":false},"excerpt":{"rendered":"<p>Hemligheten med ett bra aff\u00e4rssystem \u00e4r att det friktionsfritt passar in i den dagliga verksamheten och de dagliga rutinerna. Att det blir en naturlig del av vardagen och g\u00f6r livet enklare f\u00f6r alla. Det kan vi lova att SPY g\u00f6r. Utan att n\u00e5gon beh\u00f6ver l\u00e4gga ner en massa tid p\u00e5 att ta reda p\u00e5 hur &hellip; <a href=\"https:\/\/spysystem.dk\/sv\/staerk-din-verksamhet\/\">Continued<\/a><\/p>\n","protected":false},"author":1,"featured_media":2549,"parent":0,"menu_order":0,"comment_status":"closed","ping_status":"closed","template":"","meta":[],"acf":[],"_links":{"self":[{"href":"https:\/\/spysystem.dk\/sv\/wp-json\/wp\/v2\/pages\/6726"}],"collection":[{"href":"https:\/\/spysystem.dk\/sv\/wp-json\/wp\/v2\/pages"}],"about":[{"href":"https:\/\/spysystem.dk\/sv\/wp-json\/wp\/v2\/types\/page"}],"author":[{"embeddable":true,"href":"https:\/\/spysystem.dk\/sv\/wp-json\/wp\/v2\/users\/1"}],"replies":[{"embeddable":true,"href":"https:\/\/spysystem.dk\/sv\/wp-json\/wp\/v2\/comments?post=6726"}],"version-history":[{"count":0,"href":"https:\/\/spysystem.dk\/sv\/wp-json\/wp\/v2\/pages\/6726\/revisions"}],"wp:featuredmedia":[{"embeddable":true,"href":"https:\/\/spysystem.dk\/sv\/wp-json\/wp\/v2\/media\/2549"}],"wp:attachment":[{"href":"https:\/\/spysystem.dk\/sv\/wp-json\/wp\/v2\/media?parent=6726"}],"curies":[{"name":"wp","href":"https:\/\/api.w.org\/{rel}","templated":true}]}}