{"id":6705,"date":"2021-11-15T08:30:40","date_gmt":"2021-11-15T08:30:40","guid":{"rendered":"https:\/\/spysystem.dk\/om-spy\/"},"modified":"2021-11-15T10:34:57","modified_gmt":"2021-11-15T10:34:57","slug":"om-spy","status":"publish","type":"page","link":"https:\/\/spysystem.dk\/sv\/om-spy\/","title":{"rendered":"Om SPY"},"content":{"rendered":"<p class=\"p1\">De flesta av SPY:s medarbetare har sj\u00e4lva arbetat m\u00e5nga \u00e5r inom mode- och textilindustrin. Detta inneb\u00e4r att alla textilindustrins s\u00e4rskilda behov har inf\u00f6rlivats i systemet fr\u00e5n b\u00f6rjan och d\u00e4refter vidareutvecklats. En utveckling som f\u00f6r \u00f6vrigt aldrig tar slut.<\/p>\n","protected":false},"excerpt":{"rendered":"<p>De flesta av SPY:s medarbetare har sj\u00e4lva arbetat m\u00e5nga \u00e5r inom mode- och textilindustrin. Detta inneb\u00e4r att alla textilindustrins s\u00e4rskilda behov har inf\u00f6rlivats i systemet fr\u00e5n b\u00f6rjan och d\u00e4refter vidareutvecklats. En utveckling som f\u00f6r \u00f6vrigt aldrig tar slut.<\/p>\n","protected":false},"author":1,"featured_media":4718,"parent":0,"menu_order":0,"comment_status":"closed","ping_status":"closed","template":"views\/template-about-us.blade.php","meta":[],"acf":[],"_links":{"self":[{"href":"https:\/\/spysystem.dk\/sv\/wp-json\/wp\/v2\/pages\/6705"}],"collection":[{"href":"https:\/\/spysystem.dk\/sv\/wp-json\/wp\/v2\/pages"}],"about":[{"href":"https:\/\/spysystem.dk\/sv\/wp-json\/wp\/v2\/types\/page"}],"author":[{"embeddable":true,"href":"https:\/\/spysystem.dk\/sv\/wp-json\/wp\/v2\/users\/1"}],"replies":[{"embeddable":true,"href":"https:\/\/spysystem.dk\/sv\/wp-json\/wp\/v2\/comments?post=6705"}],"version-history":[{"count":0,"href":"https:\/\/spysystem.dk\/sv\/wp-json\/wp\/v2\/pages\/6705\/revisions"}],"wp:featuredmedia":[{"embeddable":true,"href":"https:\/\/spysystem.dk\/sv\/wp-json\/wp\/v2\/media\/4718"}],"wp:attachment":[{"href":"https:\/\/spysystem.dk\/sv\/wp-json\/wp\/v2\/media?parent=6705"}],"curies":[{"name":"wp","href":"https:\/\/api.w.org\/{rel}","templated":true}]}}