{"id":6684,"date":"2021-11-15T08:30:27","date_gmt":"2021-11-15T08:30:27","guid":{"rendered":"https:\/\/spysystem.dk\/kunder-och-varumaerken\/"},"modified":"2021-11-15T10:33:52","modified_gmt":"2021-11-15T10:33:52","slug":"kunder-och-varumaerken","status":"publish","type":"page","link":"https:\/\/spysystem.dk\/sv\/kunder-och-varumaerken\/","title":{"rendered":"Kunder och varum\u00e4rken"},"content":{"rendered":"<p>Ring n\u00e5gon av dem och h\u00f6r om vi har gjort skillnad!<\/p>\n","protected":false},"excerpt":{"rendered":"<p>Ring n\u00e5gon av dem och h\u00f6r om vi har gjort skillnad!<\/p>\n","protected":false},"author":1,"featured_media":2801,"parent":0,"menu_order":0,"comment_status":"closed","ping_status":"closed","template":"","meta":[],"acf":[],"_links":{"self":[{"href":"https:\/\/spysystem.dk\/sv\/wp-json\/wp\/v2\/pages\/6684"}],"collection":[{"href":"https:\/\/spysystem.dk\/sv\/wp-json\/wp\/v2\/pages"}],"about":[{"href":"https:\/\/spysystem.dk\/sv\/wp-json\/wp\/v2\/types\/page"}],"author":[{"embeddable":true,"href":"https:\/\/spysystem.dk\/sv\/wp-json\/wp\/v2\/users\/1"}],"replies":[{"embeddable":true,"href":"https:\/\/spysystem.dk\/sv\/wp-json\/wp\/v2\/comments?post=6684"}],"version-history":[{"count":0,"href":"https:\/\/spysystem.dk\/sv\/wp-json\/wp\/v2\/pages\/6684\/revisions"}],"wp:featuredmedia":[{"embeddable":true,"href":"https:\/\/spysystem.dk\/sv\/wp-json\/wp\/v2\/media\/2801"}],"wp:attachment":[{"href":"https:\/\/spysystem.dk\/sv\/wp-json\/wp\/v2\/media?parent=6684"}],"curies":[{"name":"wp","href":"https:\/\/api.w.org\/{rel}","templated":true}]}}