{"id":6670,"date":"2021-11-15T08:30:13","date_gmt":"2021-11-15T08:30:13","guid":{"rendered":"https:\/\/spysystem.dk\/allt-i-ett\/lager\/"},"modified":"2021-12-10T12:39:46","modified_gmt":"2021-12-10T12:39:46","slug":"lager","status":"publish","type":"page","link":"https:\/\/spysystem.dk\/sv\/allt-i-ett\/lager\/","title":{"rendered":"Lager"},"content":{"rendered":"<p class=\"p1\">N\u00e4r lagret st\u00e4ndigt uppdateras, n\u00e4r arbetsfl\u00f6dena \u00e4r effektiva och automatiserade s\u00e5 sparar du tid. \u00c4nnu viktigare \u00e4r att du undviker irriterande paketfel och reklamationer. Med en exakt bild av vad som finns i lager h\u00e4r och nu \u00e4r det l\u00e4tt att prioritera \u2013 och dela information med b\u00e5de s\u00e4ljare och k\u00f6pare.<\/p>\n","protected":false},"excerpt":{"rendered":"<p>N\u00e4r lagret st\u00e4ndigt uppdateras, n\u00e4r arbetsfl\u00f6dena \u00e4r effektiva och automatiserade s\u00e5 sparar du tid. \u00c4nnu viktigare \u00e4r att du undviker irriterande paketfel och reklamationer. Med en exakt bild av vad som finns i lager h\u00e4r och nu \u00e4r det l\u00e4tt att prioritera \u2013 och dela information med b\u00e5de s\u00e4ljare och k\u00f6pare.<\/p>\n","protected":false},"author":1,"featured_media":2717,"parent":6649,"menu_order":0,"comment_status":"closed","ping_status":"closed","template":"","meta":[],"acf":[],"_links":{"self":[{"href":"https:\/\/spysystem.dk\/sv\/wp-json\/wp\/v2\/pages\/6670"}],"collection":[{"href":"https:\/\/spysystem.dk\/sv\/wp-json\/wp\/v2\/pages"}],"about":[{"href":"https:\/\/spysystem.dk\/sv\/wp-json\/wp\/v2\/types\/page"}],"author":[{"embeddable":true,"href":"https:\/\/spysystem.dk\/sv\/wp-json\/wp\/v2\/users\/1"}],"replies":[{"embeddable":true,"href":"https:\/\/spysystem.dk\/sv\/wp-json\/wp\/v2\/comments?post=6670"}],"version-history":[{"count":0,"href":"https:\/\/spysystem.dk\/sv\/wp-json\/wp\/v2\/pages\/6670\/revisions"}],"up":[{"embeddable":true,"href":"https:\/\/spysystem.dk\/sv\/wp-json\/wp\/v2\/pages\/6649"}],"wp:featuredmedia":[{"embeddable":true,"href":"https:\/\/spysystem.dk\/sv\/wp-json\/wp\/v2\/media\/2717"}],"wp:attachment":[{"href":"https:\/\/spysystem.dk\/sv\/wp-json\/wp\/v2\/media?parent=6670"}],"curies":[{"name":"wp","href":"https:\/\/api.w.org\/{rel}","templated":true}]}}