{"id":6649,"date":"2021-11-15T08:29:51","date_gmt":"2021-11-15T08:29:51","guid":{"rendered":"https:\/\/spysystem.dk\/allt-i-ett\/"},"modified":"2021-11-15T10:03:43","modified_gmt":"2021-11-15T10:03:43","slug":"allt-i-ett","status":"publish","type":"page","link":"https:\/\/spysystem.dk\/sv\/allt-i-ett\/","title":{"rendered":"Allt i ett"},"content":{"rendered":"<p class=\"p1\">Oavsett om du vill veta vilka styles som s\u00e4ljer b\u00e4st, vad som finns i lager just nu, vilka s\u00e4ljare som ligger f\u00f6re eller efter, hur det g\u00e5r med varorna fr\u00e5n en viss leverant\u00f6r, vilka kunder som presterar b\u00e4st eller n\u00e5got helt annat, har SPY svaret.<\/p>\n<p class=\"p1\">Med n\u00e5gra f\u00e5 klick kan du h\u00e4mta nyckeltal. Du f\u00e5r en unik \u00f6verblick \u00f6ver allt fr\u00e5n skissb\u00f6cker till kl\u00e4dst\u00e4ll. Med alla detaljer som du vill dyka ner i.<\/p>\n","protected":false},"excerpt":{"rendered":"<p>Oavsett om du vill veta vilka styles som s\u00e4ljer b\u00e4st, vad som finns i lager just nu, vilka s\u00e4ljare som ligger f\u00f6re eller efter, hur det g\u00e5r med varorna fr\u00e5n en viss leverant\u00f6r, vilka kunder som presterar b\u00e4st eller n\u00e5got helt annat, har SPY svaret. Med n\u00e5gra f\u00e5 klick kan du h\u00e4mta nyckeltal. Du f\u00e5r &hellip; <a href=\"https:\/\/spysystem.dk\/sv\/allt-i-ett\/\">Continued<\/a><\/p>\n","protected":false},"author":1,"featured_media":2597,"parent":0,"menu_order":0,"comment_status":"closed","ping_status":"closed","template":"","meta":[],"acf":[],"_links":{"self":[{"href":"https:\/\/spysystem.dk\/sv\/wp-json\/wp\/v2\/pages\/6649"}],"collection":[{"href":"https:\/\/spysystem.dk\/sv\/wp-json\/wp\/v2\/pages"}],"about":[{"href":"https:\/\/spysystem.dk\/sv\/wp-json\/wp\/v2\/types\/page"}],"author":[{"embeddable":true,"href":"https:\/\/spysystem.dk\/sv\/wp-json\/wp\/v2\/users\/1"}],"replies":[{"embeddable":true,"href":"https:\/\/spysystem.dk\/sv\/wp-json\/wp\/v2\/comments?post=6649"}],"version-history":[{"count":0,"href":"https:\/\/spysystem.dk\/sv\/wp-json\/wp\/v2\/pages\/6649\/revisions"}],"wp:featuredmedia":[{"embeddable":true,"href":"https:\/\/spysystem.dk\/sv\/wp-json\/wp\/v2\/media\/2597"}],"wp:attachment":[{"href":"https:\/\/spysystem.dk\/sv\/wp-json\/wp\/v2\/media?parent=6649"}],"curies":[{"name":"wp","href":"https:\/\/api.w.org\/{rel}","templated":true}]}}