{"id":6654,"date":"2021-11-15T08:29:56","date_gmt":"2021-11-15T08:29:56","guid":{"rendered":"https:\/\/spysystem.dk\/alt-i-ett\/innkjoep\/"},"modified":"2021-12-10T12:25:54","modified_gmt":"2021-12-10T12:25:54","slug":"innkjoep","status":"publish","type":"page","link":"https:\/\/spysystem.dk\/no\/alt-i-ett\/innkjoep\/","title":{"rendered":"Innkj\u00f8p"},"content":{"rendered":"<p>Det gjelder \u00e5 holde tunga rett i munnen n\u00e5r innkj\u00f8pene skal planlegges og beregnes. Hva solgte best sist? Hva tjener vi mest p\u00e5? Hvordan ser fordelingen av forh\u00e5ndsbestilling og lagerbestilling ut? Alt det og mye mer hjelper SPY med. Her er noen eksempler\u2026<\/p>\n","protected":false},"excerpt":{"rendered":"<p>Det gjelder \u00e5 holde tunga rett i munnen n\u00e5r innkj\u00f8pene skal planlegges og beregnes. Hva solgte best sist? Hva tjener vi mest p\u00e5? Hvordan ser fordelingen av forh\u00e5ndsbestilling og lagerbestilling ut? Alt det og mye mer hjelper SPY med. Her er noen eksempler\u2026<\/p>\n","protected":false},"author":1,"featured_media":4688,"parent":6647,"menu_order":0,"comment_status":"closed","ping_status":"closed","template":"","meta":[],"acf":[],"_links":{"self":[{"href":"https:\/\/spysystem.dk\/no\/wp-json\/wp\/v2\/pages\/6654"}],"collection":[{"href":"https:\/\/spysystem.dk\/no\/wp-json\/wp\/v2\/pages"}],"about":[{"href":"https:\/\/spysystem.dk\/no\/wp-json\/wp\/v2\/types\/page"}],"author":[{"embeddable":true,"href":"https:\/\/spysystem.dk\/no\/wp-json\/wp\/v2\/users\/1"}],"replies":[{"embeddable":true,"href":"https:\/\/spysystem.dk\/no\/wp-json\/wp\/v2\/comments?post=6654"}],"version-history":[{"count":0,"href":"https:\/\/spysystem.dk\/no\/wp-json\/wp\/v2\/pages\/6654\/revisions"}],"up":[{"embeddable":true,"href":"https:\/\/spysystem.dk\/no\/wp-json\/wp\/v2\/pages\/6647"}],"wp:featuredmedia":[{"embeddable":true,"href":"https:\/\/spysystem.dk\/no\/wp-json\/wp\/v2\/media\/4688"}],"wp:attachment":[{"href":"https:\/\/spysystem.dk\/no\/wp-json\/wp\/v2\/media?parent=6654"}],"curies":[{"name":"wp","href":"https:\/\/api.w.org\/{rel}","templated":true}]}}