{"id":6647,"date":"2021-11-15T08:29:50","date_gmt":"2021-11-15T08:29:50","guid":{"rendered":"https:\/\/spysystem.dk\/alt-i-ett\/"},"modified":"2021-11-15T10:03:42","modified_gmt":"2021-11-15T10:03:42","slug":"alt-i-ett","status":"publish","type":"page","link":"https:\/\/spysystem.dk\/no\/alt-i-ett\/","title":{"rendered":"Alt i ett"},"content":{"rendered":"<p class=\"p1\">Uansett om du vil vite hvilke styles som selger best, hva som er p\u00e5 lager akkurat n\u00e5, hvilke selgere som ligger foran eller bak, hvordan det g\u00e5r med varer fra en bestemt leverand\u00f8r, hvilke kunder som presterer best, eller noe helt annet, s\u00e5 gir SPY deg svaret.<\/p>\n<p class=\"p1\">Med f\u00e5 klikk kan du finne n\u00f8kkeltallene. Slik f\u00e5r du et unikt overblikk over alt fra tegneblokk til klesstativ. Med alle detaljene du har lyst til \u00e5 dykke ned i.<\/p>\n","protected":false},"excerpt":{"rendered":"<p>Uansett om du vil vite hvilke styles som selger best, hva som er p\u00e5 lager akkurat n\u00e5, hvilke selgere som ligger foran eller bak, hvordan det g\u00e5r med varer fra en bestemt leverand\u00f8r, hvilke kunder som presterer best, eller noe helt annet, s\u00e5 gir SPY deg svaret. Med f\u00e5 klikk kan du finne n\u00f8kkeltallene. Slik &hellip; <a href=\"https:\/\/spysystem.dk\/no\/alt-i-ett\/\">Continued<\/a><\/p>\n","protected":false},"author":1,"featured_media":2834,"parent":0,"menu_order":0,"comment_status":"closed","ping_status":"closed","template":"","meta":[],"acf":[],"_links":{"self":[{"href":"https:\/\/spysystem.dk\/no\/wp-json\/wp\/v2\/pages\/6647"}],"collection":[{"href":"https:\/\/spysystem.dk\/no\/wp-json\/wp\/v2\/pages"}],"about":[{"href":"https:\/\/spysystem.dk\/no\/wp-json\/wp\/v2\/types\/page"}],"author":[{"embeddable":true,"href":"https:\/\/spysystem.dk\/no\/wp-json\/wp\/v2\/users\/1"}],"replies":[{"embeddable":true,"href":"https:\/\/spysystem.dk\/no\/wp-json\/wp\/v2\/comments?post=6647"}],"version-history":[{"count":0,"href":"https:\/\/spysystem.dk\/no\/wp-json\/wp\/v2\/pages\/6647\/revisions"}],"wp:featuredmedia":[{"embeddable":true,"href":"https:\/\/spysystem.dk\/no\/wp-json\/wp\/v2\/media\/2834"}],"wp:attachment":[{"href":"https:\/\/spysystem.dk\/no\/wp-json\/wp\/v2\/media?parent=6647"}],"curies":[{"name":"wp","href":"https:\/\/api.w.org\/{rel}","templated":true}]}}