{"id":6633,"date":"2021-11-15T08:29:28","date_gmt":"2021-11-15T08:29:28","guid":{"rendered":"https:\/\/spysystem.dk\/systemer\/"},"modified":"2024-11-11T12:44:17","modified_gmt":"2024-11-11T12:44:17","slug":"systemer","status":"publish","type":"page","link":"https:\/\/spysystem.dk\/no\/styrk-virksomheten-din\/systemer\/","title":{"rendered":"Systemer"},"content":{"rendered":"<p class=\"p1\">N\u00e5r du velger SPY, velger du ogs\u00e5 \u00e5 forenkle forretningen din \u2013 og de systemene dere bruker og skal bruke tid p\u00e5.<\/p>\n<p class=\"p1\">Som en del av servicen som f\u00f8lger med SPY, gir vi deg gjerne r\u00e5d om hva som er enklest og fungerer best.<\/p>\n","protected":false},"excerpt":{"rendered":"<p>N\u00e5r du velger SPY, velger du ogs\u00e5 \u00e5 forenkle forretningen din \u2013 og de systemene dere bruker og skal bruke tid p\u00e5. Som en del av servicen som f\u00f8lger med SPY, gir vi deg gjerne r\u00e5d om hva som er enklest og fungerer best.<\/p>\n","protected":false},"author":1,"featured_media":2827,"parent":6724,"menu_order":0,"comment_status":"closed","ping_status":"closed","template":"","meta":[],"acf":[],"_links":{"self":[{"href":"https:\/\/spysystem.dk\/no\/wp-json\/wp\/v2\/pages\/6633"}],"collection":[{"href":"https:\/\/spysystem.dk\/no\/wp-json\/wp\/v2\/pages"}],"about":[{"href":"https:\/\/spysystem.dk\/no\/wp-json\/wp\/v2\/types\/page"}],"author":[{"embeddable":true,"href":"https:\/\/spysystem.dk\/no\/wp-json\/wp\/v2\/users\/1"}],"replies":[{"embeddable":true,"href":"https:\/\/spysystem.dk\/no\/wp-json\/wp\/v2\/comments?post=6633"}],"version-history":[{"count":0,"href":"https:\/\/spysystem.dk\/no\/wp-json\/wp\/v2\/pages\/6633\/revisions"}],"up":[{"embeddable":true,"href":"https:\/\/spysystem.dk\/no\/wp-json\/wp\/v2\/pages\/6724"}],"wp:featuredmedia":[{"embeddable":true,"href":"https:\/\/spysystem.dk\/no\/wp-json\/wp\/v2\/media\/2827"}],"wp:attachment":[{"href":"https:\/\/spysystem.dk\/no\/wp-json\/wp\/v2\/media?parent=6633"}],"curies":[{"name":"wp","href":"https:\/\/api.w.org\/{rel}","templated":true}]}}