{"id":6625,"date":"2021-11-15T08:29:12","date_gmt":"2021-11-15T08:29:12","guid":{"rendered":"https:\/\/spysystem.dk\/inizia\/"},"modified":"2021-11-15T10:41:50","modified_gmt":"2021-11-15T10:41:50","slug":"inizia","status":"publish","type":"page","link":"https:\/\/spysystem.dk\/it\/rafforza-il-tuo-business\/inizia\/","title":{"rendered":"Inizia"},"content":{"rendered":"<p class=\"p1\">Lavorando con SPY scoprirai presto che la maggior parte delle operazioni di lavoro si gestisce da sola. Semplicemente perch\u00e9 SPY \u00e8 sviluppato da persone che lo usano ogni giorno. Ci\u00f2 \u00e8 importante ad esempio per inserire a sistema le tue collezioni e i tuoi stili. E dopo, quando devi usarlo.<\/p>\n<p class=\"p1\">L\u2019idea di SPY \u00e8 di offrirti in ogni momento una panoramica complessiva e immediata. Ad esempio, i numeri inferiori alle previsioni diventano rossi, e passano al verde quando risalgono. Ci\u00f2 significa che ti basta un\u2019occhiata per sapere quali sono gli elementi da seguire maggiormente.<\/p>\n","protected":false},"excerpt":{"rendered":"<p>Lavorando con SPY scoprirai presto che la maggior parte delle operazioni di lavoro si gestisce da sola. Semplicemente perch\u00e9 SPY \u00e8 sviluppato da persone che lo usano ogni giorno. Ci\u00f2 \u00e8 importante ad esempio per inserire a sistema le tue collezioni e i tuoi stili. E dopo, quando devi usarlo. L\u2019idea di SPY \u00e8 di &hellip; <a href=\"https:\/\/spysystem.dk\/it\/rafforza-il-tuo-business\/inizia\/\">Continued<\/a><\/p>\n","protected":false},"author":1,"featured_media":2541,"parent":6723,"menu_order":0,"comment_status":"closed","ping_status":"closed","template":"","meta":[],"acf":[],"_links":{"self":[{"href":"https:\/\/spysystem.dk\/it\/wp-json\/wp\/v2\/pages\/6625"}],"collection":[{"href":"https:\/\/spysystem.dk\/it\/wp-json\/wp\/v2\/pages"}],"about":[{"href":"https:\/\/spysystem.dk\/it\/wp-json\/wp\/v2\/types\/page"}],"author":[{"embeddable":true,"href":"https:\/\/spysystem.dk\/it\/wp-json\/wp\/v2\/users\/1"}],"replies":[{"embeddable":true,"href":"https:\/\/spysystem.dk\/it\/wp-json\/wp\/v2\/comments?post=6625"}],"version-history":[{"count":0,"href":"https:\/\/spysystem.dk\/it\/wp-json\/wp\/v2\/pages\/6625\/revisions"}],"up":[{"embeddable":true,"href":"https:\/\/spysystem.dk\/it\/wp-json\/wp\/v2\/pages\/6723"}],"wp:featuredmedia":[{"embeddable":true,"href":"https:\/\/spysystem.dk\/it\/wp-json\/wp\/v2\/media\/2541"}],"wp:attachment":[{"href":"https:\/\/spysystem.dk\/it\/wp-json\/wp\/v2\/media?parent=6625"}],"curies":[{"name":"wp","href":"https:\/\/api.w.org\/{rel}","templated":true}]}}