{"id":6665,"date":"2021-11-15T08:30:07","date_gmt":"2021-11-15T08:30:07","guid":{"rendered":"https:\/\/spysystem.dk\/tout-en-un\/stock\/"},"modified":"2021-12-10T12:37:54","modified_gmt":"2021-12-10T12:37:54","slug":"stock","status":"publish","type":"page","link":"https:\/\/spysystem.dk\/fr\/tout-en-un\/stock\/","title":{"rendered":"Stock"},"content":{"rendered":"<p class=\"p1\">Lorsque l\u2019entrep\u00f4t est constamment mis \u00e0 jour, lorsque les m\u00e9thodes de travail sont efficaces et automatis\u00e9es, vous gagnez du temps. Et surtout, vous \u00e9vitez les erreurs d\u2019emballage et les r\u00e9clamations. Avec une image pr\u00e9cise de ce qui est en stock en ce moment, vous pouvez facilement \u00e9tablir des priorit\u00e9s et partager des informations avec les vendeurs et les acheteurs.<\/p>\n","protected":false},"excerpt":{"rendered":"<p>Lorsque l\u2019entrep\u00f4t est constamment mis \u00e0 jour, lorsque les m\u00e9thodes de travail sont efficaces et automatis\u00e9es, vous gagnez du temps. Et surtout, vous \u00e9vitez les erreurs d\u2019emballage et les r\u00e9clamations. Avec une image pr\u00e9cise de ce qui est en stock en ce moment, vous pouvez facilement \u00e9tablir des priorit\u00e9s et partager des informations avec les &hellip; <a href=\"https:\/\/spysystem.dk\/fr\/tout-en-un\/stock\/\">Continued<\/a><\/p>\n","protected":false},"author":1,"featured_media":2713,"parent":6644,"menu_order":0,"comment_status":"closed","ping_status":"closed","template":"","meta":[],"acf":[],"_links":{"self":[{"href":"https:\/\/spysystem.dk\/fr\/wp-json\/wp\/v2\/pages\/6665"}],"collection":[{"href":"https:\/\/spysystem.dk\/fr\/wp-json\/wp\/v2\/pages"}],"about":[{"href":"https:\/\/spysystem.dk\/fr\/wp-json\/wp\/v2\/types\/page"}],"author":[{"embeddable":true,"href":"https:\/\/spysystem.dk\/fr\/wp-json\/wp\/v2\/users\/1"}],"replies":[{"embeddable":true,"href":"https:\/\/spysystem.dk\/fr\/wp-json\/wp\/v2\/comments?post=6665"}],"version-history":[{"count":0,"href":"https:\/\/spysystem.dk\/fr\/wp-json\/wp\/v2\/pages\/6665\/revisions"}],"up":[{"embeddable":true,"href":"https:\/\/spysystem.dk\/fr\/wp-json\/wp\/v2\/pages\/6644"}],"wp:featuredmedia":[{"embeddable":true,"href":"https:\/\/spysystem.dk\/fr\/wp-json\/wp\/v2\/media\/2713"}],"wp:attachment":[{"href":"https:\/\/spysystem.dk\/fr\/wp-json\/wp\/v2\/media?parent=6665"}],"curies":[{"name":"wp","href":"https:\/\/api.w.org\/{rel}","templated":true}]}}