{"id":6725,"date":"2021-11-15T08:30:55","date_gmt":"2021-11-15T08:30:55","guid":{"rendered":"https:\/\/spysystem.dk\/fortalece-tu-negocio\/"},"modified":"2021-11-15T10:37:54","modified_gmt":"2021-11-15T10:37:54","slug":"fortalece-tu-negocio","status":"publish","type":"page","link":"https:\/\/spysystem.dk\/es\/fortalece-tu-negocio\/","title":{"rendered":"Fortalece tu negocio"},"content":{"rendered":"<p class=\"p1\">El secreto de un buen sistema empresarial reside en su integraci\u00f3n perfecta en las operaciones y rutinas diarias. Que se convierta en una parte natural de la vida diaria y facilite la vida de todos.<\/p>\n<p class=\"p1\">Podemos prometerte que SPY lo har\u00e1. Sin que nadie tenga que dedicar mucho tiempo a averiguar c\u00f3mo. SPY est\u00e1 dise\u00f1ado desde cero para adaptarse a las rutinas y los procesos empresariales de la mayor\u00eda de las empresas textiles y de moda.<\/p>\n","protected":false},"excerpt":{"rendered":"<p>El secreto de un buen sistema empresarial reside en su integraci\u00f3n perfecta en las operaciones y rutinas diarias. Que se convierta en una parte natural de la vida diaria y facilite la vida de todos. Podemos prometerte que SPY lo har\u00e1. Sin que nadie tenga que dedicar mucho tiempo a averiguar c\u00f3mo. SPY est\u00e1 dise\u00f1ado &hellip; <a href=\"https:\/\/spysystem.dk\/es\/fortalece-tu-negocio\/\">Continued<\/a><\/p>\n","protected":false},"author":1,"featured_media":2548,"parent":0,"menu_order":0,"comment_status":"closed","ping_status":"closed","template":"","meta":[],"acf":[],"_links":{"self":[{"href":"https:\/\/spysystem.dk\/es\/wp-json\/wp\/v2\/pages\/6725"}],"collection":[{"href":"https:\/\/spysystem.dk\/es\/wp-json\/wp\/v2\/pages"}],"about":[{"href":"https:\/\/spysystem.dk\/es\/wp-json\/wp\/v2\/types\/page"}],"author":[{"embeddable":true,"href":"https:\/\/spysystem.dk\/es\/wp-json\/wp\/v2\/users\/1"}],"replies":[{"embeddable":true,"href":"https:\/\/spysystem.dk\/es\/wp-json\/wp\/v2\/comments?post=6725"}],"version-history":[{"count":0,"href":"https:\/\/spysystem.dk\/es\/wp-json\/wp\/v2\/pages\/6725\/revisions"}],"wp:featuredmedia":[{"embeddable":true,"href":"https:\/\/spysystem.dk\/es\/wp-json\/wp\/v2\/media\/2548"}],"wp:attachment":[{"href":"https:\/\/spysystem.dk\/es\/wp-json\/wp\/v2\/media?parent=6725"}],"curies":[{"name":"wp","href":"https:\/\/api.w.org\/{rel}","templated":true}]}}