{"id":6655,"date":"2021-11-15T08:29:57","date_gmt":"2021-11-15T08:29:57","guid":{"rendered":"https:\/\/spysystem.dk\/todo-en-uno\/compras\/"},"modified":"2021-12-10T12:27:12","modified_gmt":"2021-12-10T12:27:12","slug":"compras","status":"publish","type":"page","link":"https:\/\/spysystem.dk\/es\/todo-en-uno\/compras\/","title":{"rendered":"Compras"},"content":{"rendered":"<p>Es cuesti\u00f3n de concentrarse en cuerpo y alma en la planificaci\u00f3n y el c\u00e1lculo de las compras. \u00bfQu\u00e9 se vendi\u00f3 mejor la \u00faltima vez? \u00bfCon qu\u00e9 ganamos m\u00e1s? \u00bfC\u00f3mo es la distribuci\u00f3n en el pedido anticipado y en el pedido de existencias? SPY ayuda con todo esto y mucho m\u00e1s. He aqu\u00ed algunos ejemplos&#8230;<\/p>\n","protected":false},"excerpt":{"rendered":"<p>Es cuesti\u00f3n de concentrarse en cuerpo y alma en la planificaci\u00f3n y el c\u00e1lculo de las compras. \u00bfQu\u00e9 se vendi\u00f3 mejor la \u00faltima vez? \u00bfCon qu\u00e9 ganamos m\u00e1s? \u00bfC\u00f3mo es la distribuci\u00f3n en el pedido anticipado y en el pedido de existencias? SPY ayuda con todo esto y mucho m\u00e1s. He aqu\u00ed algunos ejemplos&#8230;<\/p>\n","protected":false},"author":1,"featured_media":4689,"parent":6648,"menu_order":0,"comment_status":"closed","ping_status":"closed","template":"","meta":[],"acf":[],"_links":{"self":[{"href":"https:\/\/spysystem.dk\/es\/wp-json\/wp\/v2\/pages\/6655"}],"collection":[{"href":"https:\/\/spysystem.dk\/es\/wp-json\/wp\/v2\/pages"}],"about":[{"href":"https:\/\/spysystem.dk\/es\/wp-json\/wp\/v2\/types\/page"}],"author":[{"embeddable":true,"href":"https:\/\/spysystem.dk\/es\/wp-json\/wp\/v2\/users\/1"}],"replies":[{"embeddable":true,"href":"https:\/\/spysystem.dk\/es\/wp-json\/wp\/v2\/comments?post=6655"}],"version-history":[{"count":0,"href":"https:\/\/spysystem.dk\/es\/wp-json\/wp\/v2\/pages\/6655\/revisions"}],"up":[{"embeddable":true,"href":"https:\/\/spysystem.dk\/es\/wp-json\/wp\/v2\/pages\/6648"}],"wp:featuredmedia":[{"embeddable":true,"href":"https:\/\/spysystem.dk\/es\/wp-json\/wp\/v2\/media\/4689"}],"wp:attachment":[{"href":"https:\/\/spysystem.dk\/es\/wp-json\/wp\/v2\/media?parent=6655"}],"curies":[{"name":"wp","href":"https:\/\/api.w.org\/{rel}","templated":true}]}}