{"id":6648,"date":"2021-11-15T08:29:50","date_gmt":"2021-11-15T08:29:50","guid":{"rendered":"https:\/\/spysystem.dk\/todo-en-uno\/"},"modified":"2021-11-15T10:03:45","modified_gmt":"2021-11-15T10:03:45","slug":"todo-en-uno","status":"publish","type":"page","link":"https:\/\/spysystem.dk\/es\/todo-en-uno\/","title":{"rendered":"Todo en uno"},"content":{"rendered":"<p class=\"p1\">Tanto si quieres saber qu\u00e9 estilos se venden mejor, qu\u00e9 hay en existencias en cada momento, qu\u00e9 vendedores van por delante o por detr\u00e1s, c\u00f3mo van las mercanc\u00edas de un determinado proveedor, qu\u00e9 clientes obtienen mejores resultados o cualquier otra cosa, SPY tiene las respuestas.<\/p>\n<p class=\"p1\">Con unos pocos clics, puedes descargar las cifras clave. De este modo, obtendr\u00e1s una visi\u00f3n \u00fanica de todo, desde los cuadernos de dibujo hasta los percheros. Con todos los detalles en los que quieras sumergirte.<\/p>\n","protected":false},"excerpt":{"rendered":"<p>Tanto si quieres saber qu\u00e9 estilos se venden mejor, qu\u00e9 hay en existencias en cada momento, qu\u00e9 vendedores van por delante o por detr\u00e1s, c\u00f3mo van las mercanc\u00edas de un determinado proveedor, qu\u00e9 clientes obtienen mejores resultados o cualquier otra cosa, SPY tiene las respuestas. Con unos pocos clics, puedes descargar las cifras clave. De &hellip; <a href=\"https:\/\/spysystem.dk\/es\/todo-en-uno\/\">Continued<\/a><\/p>\n","protected":false},"author":1,"featured_media":2596,"parent":0,"menu_order":0,"comment_status":"closed","ping_status":"closed","template":"","meta":[],"acf":[],"_links":{"self":[{"href":"https:\/\/spysystem.dk\/es\/wp-json\/wp\/v2\/pages\/6648"}],"collection":[{"href":"https:\/\/spysystem.dk\/es\/wp-json\/wp\/v2\/pages"}],"about":[{"href":"https:\/\/spysystem.dk\/es\/wp-json\/wp\/v2\/types\/page"}],"author":[{"embeddable":true,"href":"https:\/\/spysystem.dk\/es\/wp-json\/wp\/v2\/users\/1"}],"replies":[{"embeddable":true,"href":"https:\/\/spysystem.dk\/es\/wp-json\/wp\/v2\/comments?post=6648"}],"version-history":[{"count":0,"href":"https:\/\/spysystem.dk\/es\/wp-json\/wp\/v2\/pages\/6648\/revisions"}],"wp:featuredmedia":[{"embeddable":true,"href":"https:\/\/spysystem.dk\/es\/wp-json\/wp\/v2\/media\/2596"}],"wp:attachment":[{"href":"https:\/\/spysystem.dk\/es\/wp-json\/wp\/v2\/media?parent=6648"}],"curies":[{"name":"wp","href":"https:\/\/api.w.org\/{rel}","templated":true}]}}