{"id":6627,"date":"2021-11-15T08:29:14","date_gmt":"2021-11-15T08:29:14","guid":{"rendered":"https:\/\/spysystem.dk\/en-marcha\/"},"modified":"2021-11-15T10:41:55","modified_gmt":"2021-11-15T10:41:55","slug":"en-marcha","status":"publish","type":"page","link":"https:\/\/spysystem.dk\/es\/fortalece-tu-negocio\/en-marcha\/","title":{"rendered":"En marcha"},"content":{"rendered":"<p class=\"p1\">Al trabajar con SPY, descubrir\u00e1s r\u00e1pidamente que la mayor\u00eda de los flujos de trabajo son muy intuitivos. Simplemente porque SPY ha sido desarrollado por personas que lo utilizan. Esto es importante, por ejemplo, cuando hay que a\u00f1adir las colecciones y los estilos al sistema. Y cuando lo necesites despu\u00e9s.<\/p>\n<p class=\"p1\">La idea de SPY es que siempre obtengas una visi\u00f3n general r\u00e1pida. Por ejemplo, los n\u00fameros que est\u00e1n por debajo de lo esperado se vuelven rojos y verdes cuando es algo bueno. Esto significa que puedes ver r\u00e1pidamente d\u00f3nde debes prestar atenci\u00f3n.<\/p>\n","protected":false},"excerpt":{"rendered":"<p>Al trabajar con SPY, descubrir\u00e1s r\u00e1pidamente que la mayor\u00eda de los flujos de trabajo son muy intuitivos. Simplemente porque SPY ha sido desarrollado por personas que lo utilizan. Esto es importante, por ejemplo, cuando hay que a\u00f1adir las colecciones y los estilos al sistema. Y cuando lo necesites despu\u00e9s. La idea de SPY es que &hellip; <a href=\"https:\/\/spysystem.dk\/es\/fortalece-tu-negocio\/en-marcha\/\">Continued<\/a><\/p>\n","protected":false},"author":1,"featured_media":2542,"parent":6725,"menu_order":0,"comment_status":"closed","ping_status":"closed","template":"","meta":[],"acf":[],"_links":{"self":[{"href":"https:\/\/spysystem.dk\/es\/wp-json\/wp\/v2\/pages\/6627"}],"collection":[{"href":"https:\/\/spysystem.dk\/es\/wp-json\/wp\/v2\/pages"}],"about":[{"href":"https:\/\/spysystem.dk\/es\/wp-json\/wp\/v2\/types\/page"}],"author":[{"embeddable":true,"href":"https:\/\/spysystem.dk\/es\/wp-json\/wp\/v2\/users\/1"}],"replies":[{"embeddable":true,"href":"https:\/\/spysystem.dk\/es\/wp-json\/wp\/v2\/comments?post=6627"}],"version-history":[{"count":0,"href":"https:\/\/spysystem.dk\/es\/wp-json\/wp\/v2\/pages\/6627\/revisions"}],"up":[{"embeddable":true,"href":"https:\/\/spysystem.dk\/es\/wp-json\/wp\/v2\/pages\/6725"}],"wp:featuredmedia":[{"embeddable":true,"href":"https:\/\/spysystem.dk\/es\/wp-json\/wp\/v2\/media\/2542"}],"wp:attachment":[{"href":"https:\/\/spysystem.dk\/es\/wp-json\/wp\/v2\/media?parent=6627"}],"curies":[{"name":"wp","href":"https:\/\/api.w.org\/{rel}","templated":true}]}}