{"id":6729,"date":"2021-11-15T08:30:58","date_gmt":"2021-11-15T08:30:58","guid":{"rendered":"https:\/\/spysystem.dk\/staerken-sie-ihr-geschaeft\/legen-sie-los\/"},"modified":"2022-04-01T06:10:25","modified_gmt":"2022-04-01T06:10:25","slug":"legen-sie-los","status":"publish","type":"page","link":"https:\/\/spysystem.dk\/de\/staerken-sie-ihr-geschaeft\/legen-sie-los\/","title":{"rendered":"Legen Sie los"},"content":{"rendered":"<p class=\"p1\">Wenn Sie mit SPY arbeiten, werden Sie schnell feststellen, dass die meisten Arbeitsabl\u00e4ufe selbsterkl\u00e4rend sind. Ganz einfach, weil SPY von Leuten entwickelt wurde, die es selbst benutzen. Dies ist wichtig, wenn Sie z. B. Ihre Kollektionen und Styles zum System hinzuf\u00fcgen m\u00fcssen. Und wenn Sie sie hinterher brauchen.<\/p>\n<p class=\"p1\">Die Idee von SPY ist, dass Sie sich immer einen schnellen \u00dcberblick verschaffen k\u00f6nnen. Zum Beispiel werden Zahlen, die unter dem erwarteten Wert liegen, rot und gr\u00fcn, wenn etwas gut ist. So k\u00f6nnen Sie schnell erkennen, worauf Sie achten m\u00fcssen.<\/p>\n","protected":false},"excerpt":{"rendered":"<p>Wenn Sie mit SPY arbeiten, werden Sie schnell feststellen, dass die meisten Arbeitsabl\u00e4ufe selbsterkl\u00e4rend sind. Ganz einfach, weil SPY von Leuten entwickelt wurde, die es selbst benutzen. Dies ist wichtig, wenn Sie z. B. Ihre Kollektionen und Styles zum System hinzuf\u00fcgen m\u00fcssen. Und wenn Sie sie hinterher brauchen. Die Idee von SPY ist, dass Sie &hellip; <a href=\"https:\/\/spysystem.dk\/de\/staerken-sie-ihr-geschaeft\/legen-sie-los\/\">Continued<\/a><\/p>\n","protected":false},"author":1,"featured_media":2540,"parent":6722,"menu_order":0,"comment_status":"closed","ping_status":"closed","template":"","meta":[],"acf":[],"_links":{"self":[{"href":"https:\/\/spysystem.dk\/de\/wp-json\/wp\/v2\/pages\/6729"}],"collection":[{"href":"https:\/\/spysystem.dk\/de\/wp-json\/wp\/v2\/pages"}],"about":[{"href":"https:\/\/spysystem.dk\/de\/wp-json\/wp\/v2\/types\/page"}],"author":[{"embeddable":true,"href":"https:\/\/spysystem.dk\/de\/wp-json\/wp\/v2\/users\/1"}],"replies":[{"embeddable":true,"href":"https:\/\/spysystem.dk\/de\/wp-json\/wp\/v2\/comments?post=6729"}],"version-history":[{"count":0,"href":"https:\/\/spysystem.dk\/de\/wp-json\/wp\/v2\/pages\/6729\/revisions"}],"up":[{"embeddable":true,"href":"https:\/\/spysystem.dk\/de\/wp-json\/wp\/v2\/pages\/6722"}],"wp:featuredmedia":[{"embeddable":true,"href":"https:\/\/spysystem.dk\/de\/wp-json\/wp\/v2\/media\/2540"}],"wp:attachment":[{"href":"https:\/\/spysystem.dk\/de\/wp-json\/wp\/v2\/media?parent=6729"}],"curies":[{"name":"wp","href":"https:\/\/api.w.org\/{rel}","templated":true}]}}