{"id":6722,"date":"2021-11-15T08:30:52","date_gmt":"2021-11-15T08:30:52","guid":{"rendered":"https:\/\/spysystem.dk\/staerken-sie-ihr-geschaeft\/"},"modified":"2021-11-15T10:37:45","modified_gmt":"2021-11-15T10:37:45","slug":"staerken-sie-ihr-geschaeft","status":"publish","type":"page","link":"https:\/\/spysystem.dk\/de\/staerken-sie-ihr-geschaeft\/","title":{"rendered":"St\u00e4rken Sie Ihr Gesch\u00e4ft"},"content":{"rendered":"<p class=\"p1\">Das Geheimnis eines guten Gesch\u00e4ftssystems ist, dass es sich nahtlos in die t\u00e4glichen Abl\u00e4ufe und Routinen einf\u00fcgt. Dass es zu einem selbstverst\u00e4ndlichen Teil des Alltags wird und den Alltag f\u00fcr alle einfacher macht.<\/p>\n<p class=\"p1\">Wir k\u00f6nnen Ihnen versprechen, dass SPY das tut. Ohne dass jemand viel Zeit aufwenden muss, um herauszufinden, wie. SPY ist von Grund auf so konzipiert, dass es sich den Routinen und Gesch\u00e4ftsprozessen der meisten Textil- und Modeunternehmen anpasst.<\/p>\n","protected":false},"excerpt":{"rendered":"<p>Das Geheimnis eines guten Gesch\u00e4ftssystems ist, dass es sich nahtlos in die t\u00e4glichen Abl\u00e4ufe und Routinen einf\u00fcgt. Dass es zu einem selbstverst\u00e4ndlichen Teil des Alltags wird und den Alltag f\u00fcr alle einfacher macht. Wir k\u00f6nnen Ihnen versprechen, dass SPY das tut. Ohne dass jemand viel Zeit aufwenden muss, um herauszufinden, wie. SPY ist von Grund &hellip; <a href=\"https:\/\/spysystem.dk\/de\/staerken-sie-ihr-geschaeft\/\">Continued<\/a><\/p>\n","protected":false},"author":1,"featured_media":2546,"parent":0,"menu_order":0,"comment_status":"closed","ping_status":"closed","template":"","meta":[],"acf":[],"_links":{"self":[{"href":"https:\/\/spysystem.dk\/de\/wp-json\/wp\/v2\/pages\/6722"}],"collection":[{"href":"https:\/\/spysystem.dk\/de\/wp-json\/wp\/v2\/pages"}],"about":[{"href":"https:\/\/spysystem.dk\/de\/wp-json\/wp\/v2\/types\/page"}],"author":[{"embeddable":true,"href":"https:\/\/spysystem.dk\/de\/wp-json\/wp\/v2\/users\/1"}],"replies":[{"embeddable":true,"href":"https:\/\/spysystem.dk\/de\/wp-json\/wp\/v2\/comments?post=6722"}],"version-history":[{"count":0,"href":"https:\/\/spysystem.dk\/de\/wp-json\/wp\/v2\/pages\/6722\/revisions"}],"wp:featuredmedia":[{"embeddable":true,"href":"https:\/\/spysystem.dk\/de\/wp-json\/wp\/v2\/media\/2546"}],"wp:attachment":[{"href":"https:\/\/spysystem.dk\/de\/wp-json\/wp\/v2\/media?parent=6722"}],"curies":[{"name":"wp","href":"https:\/\/api.w.org\/{rel}","templated":true}]}}