{"id":6666,"date":"2021-11-15T08:30:09","date_gmt":"2021-11-15T08:30:09","guid":{"rendered":"https:\/\/spysystem.dk\/alles-in-einem\/lager\/"},"modified":"2021-12-10T12:38:20","modified_gmt":"2021-12-10T12:38:20","slug":"lager","status":"publish","type":"page","link":"https:\/\/spysystem.dk\/de\/alles-in-einem\/lager\/","title":{"rendered":"Lager"},"content":{"rendered":"<p class=\"p1\">Wenn das Lager st\u00e4ndig aktualisiert wird, wenn die Arbeitsabl\u00e4ufe effizient und automatisiert sind, sparen Sie Zeit. Noch wichtiger ist, dass Sie l\u00e4stige Fehler beim Verpacken und Beschwerden vermeiden. Wenn Sie ein genaues Bild davon haben, was hier und jetzt auf Lager ist, k\u00f6nnen Sie leicht Priorit\u00e4ten setzen und Informationen sowohl mit Verk\u00e4ufern als auch mit Eink\u00e4ufern austauschen.<\/p>\n","protected":false},"excerpt":{"rendered":"<p>Wenn das Lager st\u00e4ndig aktualisiert wird, wenn die Arbeitsabl\u00e4ufe effizient und automatisiert sind, sparen Sie Zeit. Noch wichtiger ist, dass Sie l\u00e4stige Fehler beim Verpacken und Beschwerden vermeiden. Wenn Sie ein genaues Bild davon haben, was hier und jetzt auf Lager ist, k\u00f6nnen Sie leicht Priorit\u00e4ten setzen und Informationen sowohl mit Verk\u00e4ufern als auch mit &hellip; <a href=\"https:\/\/spysystem.dk\/de\/alles-in-einem\/lager\/\">Continued<\/a><\/p>\n","protected":false},"author":1,"featured_media":2714,"parent":6645,"menu_order":0,"comment_status":"closed","ping_status":"closed","template":"","meta":[],"acf":[],"_links":{"self":[{"href":"https:\/\/spysystem.dk\/de\/wp-json\/wp\/v2\/pages\/6666"}],"collection":[{"href":"https:\/\/spysystem.dk\/de\/wp-json\/wp\/v2\/pages"}],"about":[{"href":"https:\/\/spysystem.dk\/de\/wp-json\/wp\/v2\/types\/page"}],"author":[{"embeddable":true,"href":"https:\/\/spysystem.dk\/de\/wp-json\/wp\/v2\/users\/1"}],"replies":[{"embeddable":true,"href":"https:\/\/spysystem.dk\/de\/wp-json\/wp\/v2\/comments?post=6666"}],"version-history":[{"count":0,"href":"https:\/\/spysystem.dk\/de\/wp-json\/wp\/v2\/pages\/6666\/revisions"}],"up":[{"embeddable":true,"href":"https:\/\/spysystem.dk\/de\/wp-json\/wp\/v2\/pages\/6645"}],"wp:featuredmedia":[{"embeddable":true,"href":"https:\/\/spysystem.dk\/de\/wp-json\/wp\/v2\/media\/2714"}],"wp:attachment":[{"href":"https:\/\/spysystem.dk\/de\/wp-json\/wp\/v2\/media?parent=6666"}],"curies":[{"name":"wp","href":"https:\/\/api.w.org\/{rel}","templated":true}]}}