{"id":6645,"date":"2021-11-15T08:29:48","date_gmt":"2021-11-15T08:29:48","guid":{"rendered":"https:\/\/spysystem.dk\/alles-in-einem\/"},"modified":"2021-11-15T10:03:48","modified_gmt":"2021-11-15T10:03:48","slug":"alles-in-einem","status":"publish","type":"page","link":"https:\/\/spysystem.dk\/de\/alles-in-einem\/","title":{"rendered":"Alles in einem"},"content":{"rendered":"<p class=\"p1\">Egal, ob Sie wissen wollen, welche Modelle sich am besten verkaufen, was gerade auf Lager ist, welche Verk\u00e4ufer vorne oder hinten liegen, wie es um die Best\u00e4nde eines bestimmten Lieferanten bestellt ist, welche Kunden am besten abschneiden oder etwas ganz anderes, SPY hat die Antworten.<\/p>\n<p class=\"p1\">Mit nur wenigen Klicks k\u00f6nnen Sie Kennzahlen herunterladen. So erhalten Sie einen einzigartigen \u00dcberblick \u00fcber alles, vom Skizzenbuch bis zum Kleiderst\u00e4nder. Mit all den Details, in die Sie eintauchen m\u00f6chten.<\/p>\n","protected":false},"excerpt":{"rendered":"<p>Egal, ob Sie wissen wollen, welche Modelle sich am besten verkaufen, was gerade auf Lager ist, welche Verk\u00e4ufer vorne oder hinten liegen, wie es um die Best\u00e4nde eines bestimmten Lieferanten bestellt ist, welche Kunden am besten abschneiden oder etwas ganz anderes, SPY hat die Antworten. Mit nur wenigen Klicks k\u00f6nnen Sie Kennzahlen herunterladen. So erhalten &hellip; <a href=\"https:\/\/spysystem.dk\/de\/alles-in-einem\/\">Continued<\/a><\/p>\n","protected":false},"author":1,"featured_media":2594,"parent":0,"menu_order":0,"comment_status":"closed","ping_status":"closed","template":"","meta":[],"acf":[],"_links":{"self":[{"href":"https:\/\/spysystem.dk\/de\/wp-json\/wp\/v2\/pages\/6645"}],"collection":[{"href":"https:\/\/spysystem.dk\/de\/wp-json\/wp\/v2\/pages"}],"about":[{"href":"https:\/\/spysystem.dk\/de\/wp-json\/wp\/v2\/types\/page"}],"author":[{"embeddable":true,"href":"https:\/\/spysystem.dk\/de\/wp-json\/wp\/v2\/users\/1"}],"replies":[{"embeddable":true,"href":"https:\/\/spysystem.dk\/de\/wp-json\/wp\/v2\/comments?post=6645"}],"version-history":[{"count":0,"href":"https:\/\/spysystem.dk\/de\/wp-json\/wp\/v2\/pages\/6645\/revisions"}],"wp:featuredmedia":[{"embeddable":true,"href":"https:\/\/spysystem.dk\/de\/wp-json\/wp\/v2\/media\/2594"}],"wp:attachment":[{"href":"https:\/\/spysystem.dk\/de\/wp-json\/wp\/v2\/media?parent=6645"}],"curies":[{"name":"wp","href":"https:\/\/api.w.org\/{rel}","templated":true}]}}